{"id":26186,"date":"2023-06-12T18:14:15","date_gmt":"2023-06-12T18:14:15","guid":{"rendered":"http:\/\/transelar.com?page_id=26186"},"modified":"2025-08-04T07:18:40","modified_gmt":"2025-08-04T07:18:40","slug":"advisory-board","status":"publish","type":"page","link":"https:\/\/transelar.com\/de\/advisory-board\/","title":{"rendered":"Beirat"},"content":{"rendered":"<p>[et_pb_section fb_built=&#8221;1&#8243; admin_label=&#8221;Hero&#8221; _builder_version=&#8221;4.21.0&#8243; use_background_color_gradient=&#8221;on&#8221; background_color_gradient_type=&#8221;circular&#8221; background_color_gradient_direction_radial=&#8221;top left&#8221; background_color_gradient_stops=&#8221;rgba(40,40,40,0.59) 0%|rgba(0,0,0,0.7) 0%|rgba(0,0,0,0.7) 100%&#8221; background_color_gradient_overlays_image=&#8221;on&#8221; background_color_gradient_start=&#8221;rgba(40,40,40,0.79)&#8221; background_color_gradient_end=&#8221;rgba(40,40,40,0.86)&#8221; background_image=&#8221;https:\/\/transelar.com\/wp-content\/uploads\/2023\/06\/advisory.jpg&#8221; min_height=&#8221;450px&#8221; height=&#8221;450px&#8221; max_height=&#8221;450px&#8221; custom_margin=&#8221;||||false&#8221; custom_padding=&#8221;10vw||10vw||true|false&#8221; global_colors_info=&#8221;{}&#8221; min_height_phone=&#8221;200px&#8221; min_height_last_edited=&#8221;on|phone&#8221; height_tablet=&#8221;200px&#8221; height_phone=&#8221;200px&#8221; height_last_edited=&#8221;on|desktop&#8221; max_height_phone=&#8221;200px&#8221; max_height_last_edited=&#8221;on|phone&#8221; min_height_tablet=&#8221;450px&#8221; max_height_tablet=&#8221;450px&#8221;][et_pb_row column_structure=&#8221;3_4,1_4&#8243; _builder_version=&#8221;4.16&#8243; global_colors_info=&#8221;{}&#8221;][et_pb_column type=&#8221;3_4&#8243; _builder_version=&#8221;4.16&#8243; custom_padding=&#8221;|||&#8221; global_colors_info=&#8221;{}&#8221; custom_padding__hover=&#8221;|||&#8221;][et_pb_text _builder_version=&#8221;4.21.0&#8243; text_font=&#8221;||||||||&#8221; header_font=&#8221;Rubik|700|||||||&#8221; header_font_size=&#8221;64px&#8221; header_line_height=&#8221;1.1em&#8221; background_layout=&#8221;dark&#8221; max_width=&#8221;800px&#8221; custom_margin=&#8221;||0px|&#8221; custom_padding=&#8221;|||16px&#8221; header_font_size_tablet=&#8221;44px&#8221; header_font_size_phone=&#8221;32px&#8221; header_font_size_last_edited=&#8221;on|phone&#8221; border_color_all=&#8221;gcid-989bf25d-9496-49bf-8af5-e440b87bf569&#8243; border_width_left=&#8221;10px&#8221; border_color_left=&#8221;gcid-989bf25d-9496-49bf-8af5-e440b87bf569&#8243; global_colors_info=&#8221;{%22gcid-989bf25d-9496-49bf-8af5-e440b87bf569%22:%91%22border_color_left%22,%22border_color_all%22%93,%22gcid-974b68b8-2e01-47b6-982a-535029bc202b%22:%91%22border_color_all%22%93}&#8221;]<\/p>\n<h1>Beirat<\/h1>\n<p>[\/et_pb_text][\/et_pb_column][et_pb_column type=&#8221;1_4&#8243; _builder_version=&#8221;4.16&#8243; custom_padding=&#8221;|||&#8221; global_colors_info=&#8221;{}&#8221; custom_padding__hover=&#8221;|||&#8221;][\/et_pb_column][\/et_pb_row][\/et_pb_section][et_pb_section fb_built=&#8221;1&#8243; admin_label=&#8221;About Us&#8221; _builder_version=&#8221;4.16&#8243; custom_padding=&#8221;0px|||||&#8221; global_colors_info=&#8221;{}&#8221;][et_pb_row column_structure=&#8221;1_2,1_2&#8243; use_custom_gutter=&#8221;on&#8221; gutter_width=&#8221;2&#8243; _builder_version=&#8221;4.21.0&#8243; width=&#8221;100%&#8221; custom_padding=&#8221;41px|||||&#8221; global_colors_info=&#8221;{}&#8221;][et_pb_column type=&#8221;1_2&#8243; _builder_version=&#8221;4.21.0&#8243; _module_preset=&#8221;default&#8221; global_colors_info=&#8221;{}&#8221;][et_pb_image src=&#8221;https:\/\/transelar.comwp-content\/uploads\/2023\/06\/advisory.jpg&#8221; title_text=&#8221;advisory&#8221; _builder_version=&#8221;4.21.0&#8243; _module_preset=&#8221;default&#8221; border_radii=&#8221;on|19px|19px|19px|19px&#8221; global_colors_info=&#8221;{}&#8221; custom_padding=&#8221;|0px||0px|false|true&#8221; custom_padding_tablet=&#8221;|20px||20px|false|true&#8221; custom_padding_phone=&#8221;|20px||20px|false|false&#8221; custom_padding_last_edited=&#8221;on|phone&#8221;][\/et_pb_image][\/et_pb_column][et_pb_column type=&#8221;1_2&#8243; _builder_version=&#8221;4.16&#8243; custom_padding=&#8221;|||&#8221; global_colors_info=&#8221;{}&#8221; custom_padding__hover=&#8221;|||&#8221;][et_pb_text _builder_version=&#8221;4.27.4&#8243; text_font=&#8221;Nunito Sans||||||||&#8221; text_font_size=&#8221;15px&#8221; text_line_height=&#8221;1.8em&#8221; custom_padding=&#8221;|20px||20px|false|true&#8221; global_colors_info=&#8221;{}&#8221; text_orientation=&#8221;justified&#8221; hover_enabled=&#8221;0&#8243; sticky_enabled=&#8221;0&#8243;]<\/p>\n<p><strong>Bei <span style=\"color: #00ccff;\">TRANSELAR<\/span>spielt unser Beirat eine wichtige Rolle im strategischen Management und der langfristigen Nachfolgeplanung.<\/strong><\/p>\n<p><strong><\/strong><\/p>\n<p>Wir f\u00fchlen uns geehrt, Herrn <b>Mr. Vivek Avasthi<\/b> as a key advisor, guiding TRANSELAR\u2019s overall strategy, customer acquisition, cost-effective solutions, and operational efficiency. With over 30 years of international leadership experience.<\/p>\n<p class=\"translation-block\">Herr Avasthi verf\u00fcgt \u00fcber einen tiefen Einblick in die Branche und ist weiterhin als Direktor in mehreren Unternehmen der Motherson-Gruppe t\u00e4tig - dem 21. gr\u00f6\u00dften Automobilzulieferer der Welt mit einem Umsatz von rund 12 Milliarden US-Dollar und einer Pr\u00e4senz in 41 L\u00e4ndern.<\/p>\n<p><strong><\/strong><\/p>\n<p><strong><\/strong><\/p>\n<p>[\/et_pb_text][\/et_pb_column][\/et_pb_row][\/et_pb_section]<\/p>","protected":false},"excerpt":{"rendered":"<p>Advisory BoardAt TRANSELAR, our advisory board plays a vital role in strategic business management and long-term succession planning. We are honored to have Mr. Vivek Avasthi as a key advisor, guiding TRANSELAR\u2019s overall strategy, customer acquisition, cost-effective solutions, and operational efficiency. With over 30 years of international leadership experience. Mr. Avasthi brings deep industry insight [&hellip;]<\/p>","protected":false},"author":1,"featured_media":0,"parent":0,"menu_order":0,"comment_status":"closed","ping_status":"closed","template":"","meta":{"_et_pb_use_builder":"on","_et_pb_old_content":"","_et_gb_content_width":"","footnotes":""},"class_list":["post-26186","page","type-page","status-publish","hentry"],"_links":{"self":[{"href":"https:\/\/transelar.com\/de\/wp-json\/wp\/v2\/pages\/26186","targetHints":{"allow":["GET"]}}],"collection":[{"href":"https:\/\/transelar.com\/de\/wp-json\/wp\/v2\/pages"}],"about":[{"href":"https:\/\/transelar.com\/de\/wp-json\/wp\/v2\/types\/page"}],"author":[{"embeddable":true,"href":"https:\/\/transelar.com\/de\/wp-json\/wp\/v2\/users\/1"}],"replies":[{"embeddable":true,"href":"https:\/\/transelar.com\/de\/wp-json\/wp\/v2\/comments?post=26186"}],"version-history":[{"count":0,"href":"https:\/\/transelar.com\/de\/wp-json\/wp\/v2\/pages\/26186\/revisions"}],"wp:attachment":[{"href":"https:\/\/transelar.com\/de\/wp-json\/wp\/v2\/media?parent=26186"}],"curies":[{"name":"wp","href":"https:\/\/api.w.org\/{rel}","templated":true}]}}