{"id":25848,"date":"2023-05-14T19:34:15","date_gmt":"2023-05-14T19:34:15","guid":{"rendered":"http:\/\/transelar.com?page_id=25848"},"modified":"2025-08-11T12:37:06","modified_gmt":"2025-08-11T12:37:06","slug":"global-expansion","status":"publish","type":"page","link":"https:\/\/transelar.com\/de\/global-expansion\/","title":{"rendered":"Global Expansion"},"content":{"rendered":"<p>[et_pb_section fb_built=&#8221;1&#8243; admin_label=&#8221;Hero&#8221; _builder_version=&#8221;4.27.4&#8243; use_background_color_gradient=&#8221;on&#8221; background_color_gradient_type=&#8221;circular&#8221; background_color_gradient_direction_radial=&#8221;top left&#8221; background_color_gradient_stops=&#8221;rgba(40,40,40,0.59) 0%|rgba(0,0,0,0.7) 0%|rgba(0,0,0,0.7) 100%&#8221; background_color_gradient_overlays_image=&#8221;on&#8221; background_color_gradient_start=&#8221;rgba(40,40,40,0.79)&#8221; background_color_gradient_end=&#8221;rgba(40,40,40,0.86)&#8221; background_image=&#8221;https:\/\/transelar.com\/wp-content\/uploads\/2023\/04\/G-EX.png&#8221; min_height=&#8221;450px&#8221; min_height_tablet=&#8221;450px&#8221; min_height_phone=&#8221;200px&#8221; min_height_last_edited=&#8221;on|phone&#8221; height=&#8221;450px&#8221; height_tablet=&#8221;200px&#8221; height_phone=&#8221;200px&#8221; height_last_edited=&#8221;on|desktop&#8221; max_height=&#8221;450px&#8221; max_height_tablet=&#8221;450px&#8221; max_height_phone=&#8221;200px&#8221; max_height_last_edited=&#8221;on|phone&#8221; custom_margin=&#8221;||||false&#8221; custom_padding=&#8221;9vw||9vw||true|false&#8221; global_colors_info=&#8221;{}&#8221;][et_pb_row column_structure=&#8221;3_4,1_4&#8243; _builder_version=&#8221;4.16&#8243; global_colors_info=&#8221;{}&#8221;][et_pb_column type=&#8221;3_4&#8243; _builder_version=&#8221;4.16&#8243; custom_padding=&#8221;|||&#8221; global_colors_info=&#8221;{}&#8221; custom_padding__hover=&#8221;|||&#8221;][et_pb_text _builder_version=&#8221;4.21.0&#8243; text_font=&#8221;||||||||&#8221; header_font=&#8221;Rubik|700|||||||&#8221; header_font_size=&#8221;64px&#8221; header_line_height=&#8221;1.1em&#8221; background_layout=&#8221;dark&#8221; max_width=&#8221;800px&#8221; custom_margin=&#8221;||0px|&#8221; custom_padding=&#8221;|||16px&#8221; header_font_size_tablet=&#8221;44px&#8221; header_font_size_phone=&#8221;32px&#8221; header_font_size_last_edited=&#8221;on|phone&#8221; border_color_all=&#8221;gcid-989bf25d-9496-49bf-8af5-e440b87bf569&#8243; border_width_left=&#8221;10px&#8221; border_color_left=&#8221;gcid-989bf25d-9496-49bf-8af5-e440b87bf569&#8243; global_colors_info=&#8221;{%22gcid-989bf25d-9496-49bf-8af5-e440b87bf569%22:%91%22border_color_left%22,%22border_color_all%22%93,%22gcid-974b68b8-2e01-47b6-982a-535029bc202b%22:%91%22border_color_all%22%93}&#8221;]<\/p>\n<h1>Internationale Expansion<\/h1>\n<p>[\/et_pb_text][\/et_pb_column][et_pb_column type=&#8221;1_4&#8243; _builder_version=&#8221;4.16&#8243; custom_padding=&#8221;|||&#8221; global_colors_info=&#8221;{}&#8221; custom_padding__hover=&#8221;|||&#8221;][\/et_pb_column][\/et_pb_row][\/et_pb_section][et_pb_section fb_built=&#8221;1&#8243; admin_label=&#8221;About Us&#8221; _builder_version=&#8221;4.16&#8243; custom_padding=&#8221;0px|||||&#8221; global_colors_info=&#8221;{}&#8221;][et_pb_row _builder_version=&#8221;4.21.0&#8243; _module_preset=&#8221;default&#8221; global_colors_info=&#8221;{}&#8221;][et_pb_column type=&#8221;4_4&#8243; _builder_version=&#8221;4.21.0&#8243; _module_preset=&#8221;default&#8221; global_colors_info=&#8221;{}&#8221;][et_pb_text _builder_version=&#8221;4.21.0&#8243; text_font=&#8221;||||||||&#8221; header_font=&#8221;||||||||&#8221; header_2_font=&#8221;Rubik|700|||||||&#8221; header_2_font_size=&#8221;42px&#8221; header_2_line_height=&#8221;1.2em&#8221; text_orientation=&#8221;center&#8221; custom_margin=&#8221;||3px|||&#8221; custom_padding=&#8221;|||&#8221; header_2_font_size_tablet=&#8221;&#8221; header_2_font_size_phone=&#8221;36px&#8221; header_2_font_size_last_edited=&#8221;on|phone&#8221; locked=&#8221;off&#8221; global_colors_info=&#8221;{}&#8221;]<\/p>\n<h2>Expansion in Deutschland<\/h2>\n<p>[\/et_pb_text][et_pb_divider color=&#8221;#E06100&#8243; divider_weight=&#8221;4px&#8221; _builder_version=&#8221;4.21.0&#8243; _module_preset=&#8221;default&#8221; width=&#8221;12%&#8221; module_alignment=&#8221;center&#8221; custom_padding=&#8221;20px||20px||true|false&#8221; global_colors_info=&#8221;{}&#8221;][\/et_pb_divider][et_pb_text _builder_version=&#8221;4.21.0&#8243; _module_preset=&#8221;default&#8221; text_font=&#8221;Nunito||||||||&#8221; global_colors_info=&#8221;{}&#8221;]<\/p>\n<p class=\"elementor-heading-title elementor-size-default\"><span style=\"color: #00ccff;\">TRANSELAR<\/span>, Ihr Partner, um zu expandieren und das Potenzial f\u00fcr neue und diversifizierte Kundenakquise im EU-Markt zu erschlie\u00dfen. Wir bieten Ihnen Unterst\u00fctzung, um auf dem deutschen\/europ\u00e4ischen Markt Fu\u00df zu fassen.<\/p>\n<p class=\"elementor-heading-title elementor-size-default\">Wir wissen, dass es nicht einfach ist, in einen neuen Markt zu expandieren, da es viele Probleme gibt, wie z.B. Sprachprobleme, Firmengr\u00fcndung, Besteuerung, Einstellung von Mitarbeitern und Verantwortung etc. Wir geben unseren Kunden die M\u00f6glichkeit, Ihren Produktmarkt in Deutschland\/Europa zu verstehen, bevor sie in eine Firmengr\u00fcndung investieren.<\/p>\n<p>[\/et_pb_text][\/et_pb_column][\/et_pb_row][et_pb_row column_structure=&#8221;1_2,1_2&#8243; _builder_version=&#8221;4.21.0&#8243; _module_preset=&#8221;default&#8221; global_colors_info=&#8221;{}&#8221;][et_pb_column type=&#8221;1_2&#8243; _builder_version=&#8221;4.21.0&#8243; _module_preset=&#8221;default&#8221; global_colors_info=&#8221;{}&#8221;][et_pb_blurb title=&#8221;Opportunity&#8221; image=&#8221;https:\/\/transelar.comwp-content\/uploads\/2023\/04\/opportunities.jpg&#8221; image_icon_width=&#8221;75%&#8221; _builder_version=&#8221;4.27.4&#8243; _module_preset=&#8221;default&#8221; header_font=&#8221;Raleway|600|||||||&#8221; body_font=&#8221;Nunito Sans|500|||||||&#8221; text_orientation=&#8221;justified&#8221; height=&#8221;682px&#8221; height_tablet=&#8221;600px&#8221; height_phone=&#8221;600px&#8221; height_last_edited=&#8221;on|desktop&#8221; custom_margin=&#8221;0px||||false|false&#8221; custom_padding=&#8221;52px|50px|52px|50px|true|true&#8221; border_radii=&#8221;on|13px|13px|13px|13px&#8221; border_radii_image=&#8221;on|11px|11px|11px|11px&#8221; box_shadow_style=&#8221;preset1&#8243; box_shadow_style_image=&#8221;preset1&#8243; locked=&#8221;off&#8221; global_colors_info=&#8221;{%22gcid-3b11e63d-9b97-41c0-b333-e7ca754cae3f%22:%91%22icon_color%22,%22icon_color%22,%22icon_color%22%93}&#8221;]<\/p>\n<p><span style=\"color: #00ccff;\">TRANSELAR<\/span> bietet Ihnen die Flexibilit\u00e4t, so zu agieren, als ob Sie Ihr eigenes europ\u00e4isches B\u00fcro h\u00e4tten - ohne die Notwendigkeit einer Firmengr\u00fcndung oder Vorabinvestitionen<\/p>\n<p>Wir helfen Ihnen, das Potenzial f\u00fcr die Gewinnung neuer und diversifizierter Kunden auf dem gesamten EU-Markt zu erschlie\u00dfen. Als verl\u00e4ngerter Arm Ihres Vertriebs- und Marketingteams stellen wir engagierte lokale Ressourcen in Deutschland zur Verf\u00fcgung, um Ihre Marke zu vertreten - ohne Ihr Kerngesch\u00e4ft zu st\u00f6ren.<\/p>\n<p>Wir arbeiten eng mit Ihnen zusammen, um gemeinsam vereinbarte Gesch\u00e4ftsziele und langfristiges Wachstum auf dem europ\u00e4ischen Markt zu erreichen.<\/p>\n<p>[\/et_pb_blurb][et_pb_blurb title=&#8221;Customer Management&#8221; image=&#8221;https:\/\/transelar.comwp-content\/uploads\/2023\/04\/community-1.jpg&#8221; image_icon_width=&#8221;75%&#8221; _builder_version=&#8221;4.27.4&#8243; _module_preset=&#8221;default&#8221; header_font=&#8221;Raleway|600|||||||&#8221; body_font=&#8221;Nunito Sans|500|||||||&#8221; text_orientation=&#8221;justified&#8221; height=&#8221;682px&#8221; height_tablet=&#8221;600px&#8221; height_phone=&#8221;600px&#8221; height_last_edited=&#8221;on|desktop&#8221; custom_margin=&#8221;0px||||false|false&#8221; custom_padding=&#8221;52px|50px|52px|50px|true|true&#8221; border_radii=&#8221;on|13px|13px|13px|13px&#8221; border_radii_image=&#8221;on|11px|11px|11px|11px&#8221; box_shadow_style=&#8221;preset1&#8243; box_shadow_style_image=&#8221;preset1&#8243; locked=&#8221;off&#8221; global_colors_info=&#8221;{%22gcid-3b11e63d-9b97-41c0-b333-e7ca754cae3f%22:%91%22icon_color%22,%22icon_color%22,%22icon_color%22%93}&#8221;]<\/p>\n<p>Nach der Projektnominierung stellt <span style=\"color: #00ccff;\">TRANSELAR<\/span> die nahtlose Einbindung des Kunden in alle wichtigen Funktionen sicher - einschlie\u00dflich Zahlungen, Technik, Qualit\u00e4t, Einkauf und Supply Chain Management.<\/p>\n<p>Wir unterst\u00fctzen Sie bei der Vermarktung der richtigen Produkte innerhalb des europ\u00e4ischen Netzwerks und pflegen und st\u00e4rken aktiv Ihre Kundenbeziehungen, um Ihre Chancen auf zuk\u00fcnftige Projekte zu erh\u00f6hen.<\/p>\n<p>Als Ihr strategischer Partner tragen wir auch zur Kostenoptimierung und kontinuierlichen Effizienzsteigerung bei - zur Maximierung Ihrer Wettbewerbsf\u00e4higkeit auf dem europ\u00e4ischen Markt.<\/p>\n<p>[\/et_pb_blurb][\/et_pb_column][et_pb_column type=&#8221;1_2&#8243; _builder_version=&#8221;4.21.0&#8243; _module_preset=&#8221;default&#8221; global_colors_info=&#8221;{}&#8221;][et_pb_blurb title=&#8221;Growth&#8221; image=&#8221;https:\/\/transelar.comwp-content\/uploads\/2023\/04\/growth.jpg&#8221; image_icon_width=&#8221;75%&#8221; _builder_version=&#8221;4.27.4&#8243; _module_preset=&#8221;default&#8221; header_font=&#8221;Raleway|600|||||||&#8221; body_font=&#8221;Nunito Sans|500|||||||&#8221; text_orientation=&#8221;justified&#8221; height=&#8221;682px&#8221; height_tablet=&#8221;600px&#8221; height_phone=&#8221;600px&#8221; height_last_edited=&#8221;on|desktop&#8221; custom_margin=&#8221;0px||||false|false&#8221; custom_padding=&#8221;52px|50px|52px|50px|true|true&#8221; hover_enabled=&#8221;0&#8243; border_radii=&#8221;on|13px|13px|13px|13px&#8221; border_radii_image=&#8221;on|11px|11px|11px|11px&#8221; box_shadow_style=&#8221;preset1&#8243; box_shadow_style_image=&#8221;preset1&#8243; locked=&#8221;off&#8221; global_colors_info=&#8221;{%22gcid-3b11e63d-9b97-41c0-b333-e7ca754cae3f%22:%91%22icon_color%22%93}&#8221; sticky_enabled=&#8221;0&#8243;]<\/p>\n<p>Wir bieten Ihnen kompetente Unterst\u00fctzung bei der Ermittlung und Implementierung der am besten geeigneten L\u00f6sungen - ohne Ihr Tagesgesch\u00e4ft zu beeintr\u00e4chtigen. Unser Ansatz gew\u00e4hrleistet eine reibungslose Integration unter Wahrung Ihrer Gesch\u00e4ftskontinuit\u00e4t.<\/p>\n<p>Bei <span style=\"color: #00ccff;\">TRANSELAR<\/span>, we continuously optimize and enhance your processes to keep you at the forefront of your industry. This positions your company to capture sustainable new business opportunities and stay competitive in evolving markets.<\/p>\n<p>Mit dem Wissen und den strategischen Einsichten unserer Experten helfen wir Ihnen, Ihr Potenzial f\u00fcr Auftragsvergaben zu erh\u00f6hen und Ihre Marktpr\u00e4senz zu erweitern.<\/p>\n<p>[\/et_pb_blurb][et_pb_blurb title=&#8221;Working Together&#8221; image=&#8221;https:\/\/transelar.comwp-content\/uploads\/2023\/04\/working-together.png&#8221; image_icon_width=&#8221;75%&#8221; _builder_version=&#8221;4.27.4&#8243; _module_preset=&#8221;default&#8221; header_font=&#8221;Raleway|600|||||||&#8221; body_font=&#8221;Nunito Sans|500|||||||&#8221; text_orientation=&#8221;justified&#8221; height=&#8221;682px&#8221; height_tablet=&#8221;600px&#8221; height_phone=&#8221;600px&#8221; height_last_edited=&#8221;on|desktop&#8221; custom_margin=&#8221;0px||||false|false&#8221; custom_padding=&#8221;52px|50px|52px|50px|true|true&#8221; border_radii=&#8221;on|13px|13px|13px|13px&#8221; border_radii_image=&#8221;on|11px|11px|11px|11px&#8221; box_shadow_style=&#8221;preset1&#8243; box_shadow_style_image=&#8221;preset1&#8243; locked=&#8221;off&#8221; global_colors_info=&#8221;{%22gcid-3b11e63d-9b97-41c0-b333-e7ca754cae3f%22:%91%22icon_color%22,%22icon_color%22,%22icon_color%22%93}&#8221;]<\/p>\n<p><span style=\"color: #00ccff;\">TRANSELAR<\/span>, fokussiert auf den Aufbau langfristiger Partnerschaften durch Zusammenarbeit, Vertrauen und offene Kommunikation. Wir unterst\u00fctzen Ihren Markteintritt und Ihr Wachstum mit einem klaren und strukturierten Ansatz.<\/p>\n<p>Eine anf\u00e4ngliche monatliche Geb\u00fchr deckt die operative Unterst\u00fctzung bis zur Erteilung des Auftrags ab. Nach der Beauftragung werden die Managementbedingungen auf der Basis des Umfangs und der Gr\u00f6\u00dfenordnung des Auftrags einvernehmlich festgelegt.<\/p>\n<p>[\/et_pb_blurb][\/et_pb_column][\/et_pb_row][\/et_pb_section]<\/p>","protected":false},"excerpt":{"rendered":"<p>Expansion ServicesExpansion In GermanyTRANSELAR, your partner to expand and unlock the potentials for new and diversified customers acquisition in EU market. We provide hand holding to have your foot prints in German\/European Market. We understand expanding in a new market is not easy, several due to many as language barrier, Company Formation, Taxation, Employees hiring [&hellip;]<\/p>","protected":false},"author":1,"featured_media":0,"parent":0,"menu_order":0,"comment_status":"closed","ping_status":"closed","template":"","meta":{"_et_pb_use_builder":"on","_et_pb_old_content":"","_et_gb_content_width":"","footnotes":""},"class_list":["post-25848","page","type-page","status-publish","hentry"],"_links":{"self":[{"href":"https:\/\/transelar.com\/de\/wp-json\/wp\/v2\/pages\/25848","targetHints":{"allow":["GET"]}}],"collection":[{"href":"https:\/\/transelar.com\/de\/wp-json\/wp\/v2\/pages"}],"about":[{"href":"https:\/\/transelar.com\/de\/wp-json\/wp\/v2\/types\/page"}],"author":[{"embeddable":true,"href":"https:\/\/transelar.com\/de\/wp-json\/wp\/v2\/users\/1"}],"replies":[{"embeddable":true,"href":"https:\/\/transelar.com\/de\/wp-json\/wp\/v2\/comments?post=25848"}],"version-history":[{"count":0,"href":"https:\/\/transelar.com\/de\/wp-json\/wp\/v2\/pages\/25848\/revisions"}],"wp:attachment":[{"href":"https:\/\/transelar.com\/de\/wp-json\/wp\/v2\/media?parent=25848"}],"curies":[{"name":"wp","href":"https:\/\/api.w.org\/{rel}","templated":true}]}}