{"id":25817,"date":"2023-05-14T18:55:17","date_gmt":"2023-05-14T18:55:17","guid":{"rendered":"http:\/\/transelar.com?page_id=25817"},"modified":"2025-08-04T07:15:14","modified_gmt":"2025-08-04T07:15:14","slug":"ocean-air-freight","status":"publish","type":"page","link":"https:\/\/transelar.com\/de\/ocean-air-freight\/","title":{"rendered":"See- und Luftfracht"},"content":{"rendered":"<p>[et_pb_section fb_built=&#8221;1&#8243; admin_label=&#8221;Hero&#8221; _builder_version=&#8221;4.27.4&#8243; use_background_color_gradient=&#8221;on&#8221; background_color_gradient_type=&#8221;circular&#8221; background_color_gradient_direction_radial=&#8221;top left&#8221; background_color_gradient_stops=&#8221;rgba(40,40,40,0.59) 0%|rgba(0,0,0,0.7) 0%|rgba(0,0,0,0.7) 100%&#8221; background_color_gradient_overlays_image=&#8221;on&#8221; background_color_gradient_start=&#8221;rgba(40,40,40,0.79)&#8221; background_color_gradient_end=&#8221;rgba(40,40,40,0.86)&#8221; background_image=&#8221;https:\/\/transelar.com\/wp-content\/uploads\/2024\/03\/Air-cargo-1.jpg&#8221; background_position=&#8221;bottom_center&#8221; background_vertical_offset=&#8221;74%&#8221; min_height=&#8221;450px&#8221; height=&#8221;450px&#8221; max_height=&#8221;450px&#8221; custom_margin=&#8221;||||false&#8221; custom_padding=&#8221;9vw||9vw||true|false&#8221; global_colors_info=&#8221;{}&#8221; min_height_phone=&#8221;200px&#8221; min_height_last_edited=&#8221;on|phone&#8221; height_tablet=&#8221;200px&#8221; height_phone=&#8221;200px&#8221; height_last_edited=&#8221;on|desktop&#8221; max_height_phone=&#8221;200px&#8221; max_height_last_edited=&#8221;on|phone&#8221; min_height_tablet=&#8221;450px&#8221; max_height_tablet=&#8221;450px&#8221;][et_pb_row column_structure=&#8221;2_3,1_3&#8243; _builder_version=&#8221;4.16&#8243; global_colors_info=&#8221;{}&#8221;][et_pb_column type=&#8221;2_3&#8243; _builder_version=&#8221;4.16&#8243; custom_padding=&#8221;|||&#8221; global_colors_info=&#8221;{}&#8221; custom_padding__hover=&#8221;|||&#8221;][et_pb_text _builder_version=&#8221;4.21.0&#8243; text_font=&#8221;||||||||&#8221; header_font=&#8221;Rubik|700|||||||&#8221; header_font_size=&#8221;64px&#8221; header_line_height=&#8221;1.1em&#8221; background_layout=&#8221;dark&#8221; max_width=&#8221;800px&#8221; custom_margin=&#8221;||0px|&#8221; custom_padding=&#8221;|||16px&#8221; header_font_size_tablet=&#8221;44px&#8221; header_font_size_phone=&#8221;32px&#8221; header_font_size_last_edited=&#8221;on|phone&#8221; border_color_all=&#8221;gcid-989bf25d-9496-49bf-8af5-e440b87bf569&#8243; border_width_left=&#8221;10px&#8221; border_color_left=&#8221;gcid-989bf25d-9496-49bf-8af5-e440b87bf569&#8243; global_colors_info=&#8221;{%22gcid-989bf25d-9496-49bf-8af5-e440b87bf569%22:%91%22border_color_left%22,%22border_color_all%22%93,%22gcid-974b68b8-2e01-47b6-982a-535029bc202b%22:%91%22border_color_all%22%93}&#8221;]<\/p>\n<h1>See- und Luftfracht<\/h1>\n<p>[\/et_pb_text][\/et_pb_column][et_pb_column type=&#8221;1_3&#8243; _builder_version=&#8221;4.16&#8243; custom_padding=&#8221;|||&#8221; global_colors_info=&#8221;{}&#8221; custom_padding__hover=&#8221;|||&#8221;][\/et_pb_column][\/et_pb_row][\/et_pb_section][et_pb_section fb_built=&#8221;1&#8243; admin_label=&#8221;About Us&#8221; _builder_version=&#8221;4.16&#8243; custom_padding=&#8221;0px|||||&#8221; global_colors_info=&#8221;{}&#8221;][et_pb_row column_structure=&#8221;1_2,1_2&#8243; use_custom_gutter=&#8221;on&#8221; gutter_width=&#8221;2&#8243; _builder_version=&#8221;4.21.0&#8243; width=&#8221;100%&#8221; custom_padding=&#8221;35px|||||&#8221; global_colors_info=&#8221;{}&#8221;][et_pb_column type=&#8221;1_2&#8243; _builder_version=&#8221;4.21.0&#8243; _module_preset=&#8221;default&#8221; global_colors_info=&#8221;{}&#8221;][et_pb_image src=&#8221;https:\/\/transelar.com\/wp-content\/uploads\/2024\/03\/img11.jpg&#8221; title_text=&#8221;img11&#8243; _builder_version=&#8221;4.21.0&#8243; _module_preset=&#8221;default&#8221; border_radii=&#8221;on|19px|19px|19px|19px&#8221; global_colors_info=&#8221;{}&#8221; custom_padding=&#8221;|0px||0px|false|true&#8221; custom_padding_tablet=&#8221;|20px||20px|false|true&#8221; custom_padding_phone=&#8221;|20px||20px|false|false&#8221; custom_padding_last_edited=&#8221;on|phone&#8221;][\/et_pb_image][\/et_pb_column][et_pb_column type=&#8221;1_2&#8243; _builder_version=&#8221;4.16&#8243; custom_padding=&#8221;|||&#8221; global_colors_info=&#8221;{}&#8221; custom_padding__hover=&#8221;|||&#8221;][et_pb_text _builder_version=&#8221;4.27.4&#8243; text_font=&#8221;Nunito Sans||||||||&#8221; text_font_size=&#8221;15px&#8221; text_line_height=&#8221;1.8em&#8221; custom_padding=&#8221;|20px||20px|false|true&#8221; global_colors_info=&#8221;{}&#8221; hover_enabled=&#8221;0&#8243; sticky_enabled=&#8221;0&#8243; text_orientation=&#8221;justified&#8221;]<\/p>\n<p><strong>See- und Luftfrachtdienste<\/strong><\/p>\n<p>Wir bieten zuverl\u00e4ssige See- und Luftfrachtl\u00f6sungen \u00fcber ein zuverl\u00e4ssiges globales Partnernetz.<\/p>\n<p>Unsere Dienstleistungen decken die wichtigsten internationalen Handelswege ab und bieten flexible Optionen wie Direktfl\u00fcge, Sammelluftfracht und sowohl FCL- als auch LCL-Seefracht. Mit festen Zeitpl\u00e4nen, Echtzeit-Verfolgung und durchg\u00e4ngiger Koordination sorgen wir daf\u00fcr, dass Ihre Fracht effizient und p\u00fcnktlich am Zielort ankommt.<\/p>\n<p>[\/et_pb_text][\/et_pb_column][\/et_pb_row][\/et_pb_section]<\/p>","protected":false},"excerpt":{"rendered":"<p>Ocean &amp; Air FreightOcean &amp; Air Freight Services We provide reliable ocean and air freight solutions through a trusted global partner network. Our services cover major international trade lanes, offering flexible options such as direct flights, consolidated air cargo, and both FCL and LCL ocean freight. With fixed schedules, real-time tracking, and end-to-end coordination, we [&hellip;]<\/p>","protected":false},"author":1,"featured_media":0,"parent":0,"menu_order":0,"comment_status":"closed","ping_status":"closed","template":"","meta":{"_et_pb_use_builder":"on","_et_pb_old_content":"","_et_gb_content_width":"","footnotes":""},"class_list":["post-25817","page","type-page","status-publish","hentry"],"_links":{"self":[{"href":"https:\/\/transelar.com\/de\/wp-json\/wp\/v2\/pages\/25817","targetHints":{"allow":["GET"]}}],"collection":[{"href":"https:\/\/transelar.com\/de\/wp-json\/wp\/v2\/pages"}],"about":[{"href":"https:\/\/transelar.com\/de\/wp-json\/wp\/v2\/types\/page"}],"author":[{"embeddable":true,"href":"https:\/\/transelar.com\/de\/wp-json\/wp\/v2\/users\/1"}],"replies":[{"embeddable":true,"href":"https:\/\/transelar.com\/de\/wp-json\/wp\/v2\/comments?post=25817"}],"version-history":[{"count":0,"href":"https:\/\/transelar.com\/de\/wp-json\/wp\/v2\/pages\/25817\/revisions"}],"wp:attachment":[{"href":"https:\/\/transelar.com\/de\/wp-json\/wp\/v2\/media?parent=25817"}],"curies":[{"name":"wp","href":"https:\/\/api.w.org\/{rel}","templated":true}]}}