{"id":25791,"date":"2023-05-14T18:38:08","date_gmt":"2023-05-14T18:38:08","guid":{"rendered":"http:\/\/transelar.com?page_id=25791"},"modified":"2025-08-04T07:05:43","modified_gmt":"2025-08-04T07:05:43","slug":"warehouse","status":"publish","type":"page","link":"https:\/\/transelar.com\/de\/warehouse\/","title":{"rendered":"Lagerhaltung"},"content":{"rendered":"<p>[et_pb_section fb_built=&#8221;1&#8243; admin_label=&#8221;Hero&#8221; _builder_version=&#8221;4.27.4&#8243; use_background_color_gradient=&#8221;on&#8221; background_color_gradient_type=&#8221;circular&#8221; background_color_gradient_direction_radial=&#8221;top left&#8221; background_color_gradient_stops=&#8221;rgba(40,40,40,0.59) 0%|rgba(0,0,0,0.7) 0%|rgba(0,0,0,0.7) 100%&#8221; background_color_gradient_overlays_image=&#8221;on&#8221; background_color_gradient_start=&#8221;rgba(40,40,40,0.79)&#8221; background_color_gradient_end=&#8221;rgba(40,40,40,0.86)&#8221; background_image=&#8221;https:\/\/transelar.com\/wp-content\/uploads\/2025\/07\/9150f340-441b-40f8-bb72-27ba60cbaef1_3.jpg&#8221; background_position=&#8221;bottom_center&#8221; background_vertical_offset=&#8221;74%&#8221; min_height=&#8221;450px&#8221; height=&#8221;450px&#8221; max_height=&#8221;450px&#8221; custom_margin=&#8221;||||false&#8221; custom_padding=&#8221;9vw||9vw||true|false&#8221; hover_enabled=&#8221;0&#8243; global_colors_info=&#8221;{}&#8221; min_height_phone=&#8221;200px&#8221; min_height_last_edited=&#8221;on|phone&#8221; height_tablet=&#8221;200px&#8221; height_phone=&#8221;200px&#8221; height_last_edited=&#8221;on|desktop&#8221; max_height_phone=&#8221;200px&#8221; max_height_last_edited=&#8221;on|phone&#8221; sticky_enabled=&#8221;0&#8243; min_height_tablet=&#8221;450px&#8221; max_height_tablet=&#8221;450px&#8221;][et_pb_row column_structure=&#8221;2_3,1_3&#8243; _builder_version=&#8221;4.16&#8243; global_colors_info=&#8221;{}&#8221;][et_pb_column type=&#8221;2_3&#8243; _builder_version=&#8221;4.16&#8243; custom_padding=&#8221;|||&#8221; global_colors_info=&#8221;{}&#8221; custom_padding__hover=&#8221;|||&#8221;][et_pb_text _builder_version=&#8221;4.27.4&#8243; text_font=&#8221;||||||||&#8221; header_font=&#8221;Rubik|700|||||||&#8221; header_font_size=&#8221;64px&#8221; header_line_height=&#8221;1.1em&#8221; background_layout=&#8221;dark&#8221; max_width=&#8221;800px&#8221; custom_margin=&#8221;||0px|&#8221; custom_padding=&#8221;|||16px&#8221; text_font_size_tablet=&#8221;14px&#8221; text_font_size_last_edited=&#8221;off|desktop&#8221; header_font_size_tablet=&#8221;44px&#8221; header_font_size_phone=&#8221;32px&#8221; header_font_size_last_edited=&#8221;on|phone&#8221; border_color_all=&#8221;gcid-989bf25d-9496-49bf-8af5-e440b87bf569&#8243; border_width_left=&#8221;10px&#8221; border_color_left=&#8221;gcid-989bf25d-9496-49bf-8af5-e440b87bf569&#8243; global_colors_info=&#8221;{%22gcid-989bf25d-9496-49bf-8af5-e440b87bf569%22:%91%22border_color_left%22,%22border_color_all%22%93}&#8221;]<\/p>\n<h1>Lagerhaltung<\/h1>\n<p>[\/et_pb_text][\/et_pb_column][et_pb_column type=&#8221;1_3&#8243; _builder_version=&#8221;4.16&#8243; custom_padding=&#8221;|||&#8221; global_colors_info=&#8221;{}&#8221; custom_padding__hover=&#8221;|||&#8221;][\/et_pb_column][\/et_pb_row][\/et_pb_section][et_pb_section fb_built=&#8221;1&#8243; admin_label=&#8221;About Us&#8221; _builder_version=&#8221;4.16&#8243; custom_padding=&#8221;0px|||||&#8221; global_colors_info=&#8221;{}&#8221;][et_pb_row column_structure=&#8221;1_2,1_2&#8243; _builder_version=&#8221;4.21.0&#8243; width=&#8221;100%&#8221; custom_padding=&#8221;50px|||||&#8221; global_colors_info=&#8221;{}&#8221;][et_pb_column type=&#8221;1_2&#8243; _builder_version=&#8221;4.21.0&#8243; _module_preset=&#8221;default&#8221; global_colors_info=&#8221;{}&#8221;][et_pb_image src=&#8221;https:\/\/transelar.com\/wp-content\/uploads\/2025\/07\/IMG_8079-scaled.jpg&#8221; title_text=&#8221;IMG_8079&#8243; _builder_version=&#8221;4.27.4&#8243; _module_preset=&#8221;default&#8221; hover_enabled=&#8221;0&#8243; border_radii=&#8221;on|19px|19px|19px|19px&#8221; global_colors_info=&#8221;{}&#8221; custom_padding=&#8221;|0px||0px|false|true&#8221; custom_padding_last_edited=&#8221;on|phone&#8221; sticky_enabled=&#8221;0&#8243; custom_padding_phone=&#8221;|20px||20px|false|false&#8221; custom_padding_tablet=&#8221;|20px||20px|false|true&#8221;][\/et_pb_image][\/et_pb_column][et_pb_column type=&#8221;1_2&#8243; _builder_version=&#8221;4.16&#8243; custom_padding=&#8221;|||&#8221; global_colors_info=&#8221;{}&#8221; custom_padding__hover=&#8221;|||&#8221;][et_pb_text _builder_version=&#8221;4.27.4&#8243; text_font=&#8221;Nunito Sans||||||||&#8221; text_font_size=&#8221;15px&#8221; text_line_height=&#8221;1.8em&#8221; custom_padding=&#8221;|20px||20px|false|true&#8221; custom_padding_tablet=&#8221;|40px||40px||true&#8221; custom_padding_last_edited=&#8221;off|desktop&#8221; hover_enabled=&#8221;0&#8243; global_colors_info=&#8221;{}&#8221; sticky_enabled=&#8221;0&#8243;]<\/p>\n<p style=\"text-align: justify;\">Wir bieten Lagerl\u00f6sungen mit und ohne Zollverschluss f\u00fcr verschiedene Branchen an. Unsere strategisch g\u00fcnstig gelegenen Standorte in Deutschland bieten einfachen Zugang f\u00fcr die europaweite Inbound- und Outbound-Logistik<\/p>\n<p style=\"text-align: justify;\">\u00dcber die Standard-Lagerdienstleistungen hinaus - einschlie\u00dflich Be- und Entladen sowie Zwischen- und Langzeitlagerung - bieten wir eine umfassende Palette von Mehrwertdiensten wie Auftragsverwaltung, barcodegest\u00fctzte Kommissionierung, (Um-)Verpackung, Etikettierung, Qualit\u00e4tskontrolle, 3PL-Abrechnung, Montage und Nacharbeit\/Sortierung.<\/p>\n<p style=\"text-align: justify;\">Unser modernes Lagerverwaltungssystem bietet eine Online-Transparenz der Best\u00e4nde in Echtzeit, die durch regelm\u00e4\u00dfige physische Bestandspr\u00fcfungen erg\u00e4nzt wird, um Genauigkeit und betriebliche Integrit\u00e4t zu gew\u00e4hrleisten.<\/p>\n<p>[\/et_pb_text][\/et_pb_column][\/et_pb_row][et_pb_row _builder_version=&#8221;4.27.4&#8243; _module_preset=&#8221;default&#8221; hover_enabled=&#8221;0&#8243; global_colors_info=&#8221;{}&#8221; sticky_enabled=&#8221;0&#8243;][et_pb_column type=&#8221;4_4&#8243; _builder_version=&#8221;4.21.0&#8243; _module_preset=&#8221;default&#8221; global_colors_info=&#8221;{}&#8221;][et_pb_text _builder_version=&#8221;4.21.0&#8243; text_font=&#8221;||||||||&#8221; header_font=&#8221;||||||||&#8221; header_2_font=&#8221;Rubik|700|||||||&#8221; header_2_font_size=&#8221;32px&#8221; header_2_line_height=&#8221;1.2em&#8221; custom_margin=&#8221;|||&#8221; custom_padding=&#8221;|||&#8221; header_2_font_size_last_edited=&#8221;off|desktop&#8221; locked=&#8221;off&#8221; global_colors_info=&#8221;{}&#8221;]<\/p>\n<h2><span style=\"color: #00ccff;\">Warehouse Services<\/span><\/h2>\n<p>[\/et_pb_text][et_pb_text _builder_version=&#8221;4.27.4&#8243; _module_preset=&#8221;default&#8221; header_3_font=&#8221;Nunito||||||||&#8221; header_3_font_size=&#8221;16px&#8221; header_3_letter_spacing=&#8221;1px&#8221; header_3_line_height=&#8221;1.5em&#8221; hover_enabled=&#8221;0&#8243; global_colors_info=&#8221;{}&#8221; sticky_enabled=&#8221;0&#8243;]<\/p>\n<ul>\n<li>\n<h3>Koordination von ein- und ausgehenden Lieferungen<\/h3>\n<\/li>\n<li>\n<h3>JIT-Lieferungen<\/h3>\n<\/li>\n<li>\n<h3>Sichere Lagerl\u00f6sungen f\u00fcr kurz- und langfristige Best\u00e4nde<\/h3>\n<\/li>\n<li>\n<h3>R\u00fcckw\u00e4rtslogistik<\/h3>\n<\/li>\n<li>\n<h3>Qualit\u00e4tskontrolle und Value-added services<\/h3>\n<\/li>\n<li>\n<h3>Fulfilment<\/h3>\n<\/li>\n<li>\n<h3>Echtzeit-Online-Bestandsstatus und Inventar\u00fcbersicht<\/h3>\n<\/li>\n<\/ul>\n<p>[\/et_pb_text][\/et_pb_column][\/et_pb_row][\/et_pb_section]<\/p>","protected":false},"excerpt":{"rendered":"<p>WarehouseWe provide bonded and non-bonded warehousing solutions across diverse industries, with strategically located facilities in Germany that offer easy access for Europe-wide inbound and outbound logistics. Beyond standard warehousing services\u2014including loading, unloading, and both intermediate and long-term storage\u2014we deliver a comprehensive range of value-added services such as order administration, barcode-supported picking, (re)packaging, labeling, quality control, [&hellip;]<\/p>","protected":false},"author":1,"featured_media":0,"parent":0,"menu_order":0,"comment_status":"closed","ping_status":"closed","template":"","meta":{"_et_pb_use_builder":"on","_et_pb_old_content":"","_et_gb_content_width":"","footnotes":""},"class_list":["post-25791","page","type-page","status-publish","hentry"],"_links":{"self":[{"href":"https:\/\/transelar.com\/de\/wp-json\/wp\/v2\/pages\/25791","targetHints":{"allow":["GET"]}}],"collection":[{"href":"https:\/\/transelar.com\/de\/wp-json\/wp\/v2\/pages"}],"about":[{"href":"https:\/\/transelar.com\/de\/wp-json\/wp\/v2\/types\/page"}],"author":[{"embeddable":true,"href":"https:\/\/transelar.com\/de\/wp-json\/wp\/v2\/users\/1"}],"replies":[{"embeddable":true,"href":"https:\/\/transelar.com\/de\/wp-json\/wp\/v2\/comments?post=25791"}],"version-history":[{"count":0,"href":"https:\/\/transelar.com\/de\/wp-json\/wp\/v2\/pages\/25791\/revisions"}],"wp:attachment":[{"href":"https:\/\/transelar.com\/de\/wp-json\/wp\/v2\/media?parent=25791"}],"curies":[{"name":"wp","href":"https:\/\/api.w.org\/{rel}","templated":true}]}}