{"id":25709,"date":"2023-05-14T12:19:28","date_gmt":"2023-05-14T12:19:28","guid":{"rendered":"http:\/\/transelar.com?page_id=25709"},"modified":"2025-08-24T18:36:49","modified_gmt":"2025-08-24T18:36:49","slug":"about-us","status":"publish","type":"page","link":"https:\/\/transelar.com\/de\/about-us\/","title":{"rendered":"\u00dcber uns"},"content":{"rendered":"<p>[et_pb_section fb_built=&#8221;1&#8243; admin_label=&#8221;Hero&#8221; _builder_version=&#8221;4.27.4&#8243; use_background_color_gradient=&#8221;on&#8221; background_color_gradient_type=&#8221;circular&#8221; background_color_gradient_direction_radial=&#8221;top left&#8221; background_color_gradient_stops=&#8221;rgba(40,40,40,0.59) 0%|rgba(0,0,0,0.7) 0%|rgba(0,0,0,0.7) 100%&#8221; background_color_gradient_overlays_image=&#8221;on&#8221; background_color_gradient_start=&#8221;rgba(40,40,40,0.79)&#8221; background_color_gradient_end=&#8221;rgba(40,40,40,0.86)&#8221; background_image=&#8221;https:\/\/transelar.com\/wp-content\/uploads\/2025\/07\/9150f340-441b-40f8-bb72-27ba60cbaef1_3.jpg&#8221; background_position=&#8221;bottom_center&#8221; background_vertical_offset=&#8221;74%&#8221; min_height=&#8221;450px&#8221; min_height_tablet=&#8221;450px&#8221; min_height_phone=&#8221;200px&#8221; min_height_last_edited=&#8221;on|phone&#8221; height=&#8221;450px&#8221; height_tablet=&#8221;200px&#8221; height_phone=&#8221;200px&#8221; height_last_edited=&#8221;on|desktop&#8221; max_height=&#8221;450px&#8221; max_height_tablet=&#8221;450px&#8221; max_height_phone=&#8221;200px&#8221; max_height_last_edited=&#8221;on|phone&#8221; custom_margin=&#8221;||||false&#8221; custom_padding=&#8221;9vw||9vw||true|false&#8221; global_colors_info=&#8221;{}&#8221;][et_pb_row column_structure=&#8221;2_3,1_3&#8243; _builder_version=&#8221;4.16&#8243; global_colors_info=&#8221;{}&#8221;][et_pb_column type=&#8221;2_3&#8243; _builder_version=&#8221;4.16&#8243; custom_padding=&#8221;|||&#8221; global_colors_info=&#8221;{}&#8221; custom_padding__hover=&#8221;|||&#8221;][et_pb_text _builder_version=&#8221;4.21.0&#8243; text_font=&#8221;||||||||&#8221; header_font=&#8221;Rubik|700|||||||&#8221; header_font_size=&#8221;64px&#8221; header_line_height=&#8221;1.1em&#8221; background_layout=&#8221;dark&#8221; max_width=&#8221;800px&#8221; custom_margin=&#8221;||0px|&#8221; custom_padding=&#8221;|||16px&#8221; header_font_size_tablet=&#8221;44px&#8221; header_font_size_phone=&#8221;32px&#8221; header_font_size_last_edited=&#8221;on|phone&#8221; border_color_all=&#8221;gcid-989bf25d-9496-49bf-8af5-e440b87bf569&#8243; border_width_left=&#8221;10px&#8221; border_color_left=&#8221;gcid-989bf25d-9496-49bf-8af5-e440b87bf569&#8243; global_colors_info=&#8221;{%22gcid-989bf25d-9496-49bf-8af5-e440b87bf569%22:%91%22border_color_left%22,%22border_color_all%22%93,%22gcid-974b68b8-2e01-47b6-982a-535029bc202b%22:%91%22border_color_all%22%93}&#8221;]<\/p>\n<h1>\u00dcber uns<\/h1>\n<p>[\/et_pb_text][\/et_pb_column][et_pb_column type=&#8221;1_3&#8243; _builder_version=&#8221;4.16&#8243; custom_padding=&#8221;|||&#8221; global_colors_info=&#8221;{}&#8221; custom_padding__hover=&#8221;|||&#8221;][\/et_pb_column][\/et_pb_row][\/et_pb_section][et_pb_section fb_built=&#8221;1&#8243; disabled_on=&#8221;on|on|off&#8221; admin_label=&#8221;About Us&#8221; _builder_version=&#8221;4.21.0&#8243; custom_padding=&#8221;0px|||||&#8221; global_colors_info=&#8221;{}&#8221;][et_pb_row column_structure=&#8221;1_2,1_2&#8243; _builder_version=&#8221;4.21.0&#8243; max_width=&#8221;100%&#8221; global_colors_info=&#8221;{}&#8221;][et_pb_column type=&#8221;1_2&#8243; _builder_version=&#8221;4.16&#8243; custom_padding=&#8221;|||&#8221; global_colors_info=&#8221;{}&#8221; custom_padding__hover=&#8221;|||&#8221;][et_pb_text _builder_version=&#8221;4.21.0&#8243; text_font=&#8221;||||||||&#8221; header_font=&#8221;||||||||&#8221; header_2_font=&#8221;Rubik|700|||||||&#8221; header_2_font_size=&#8221;36px&#8221; header_2_line_height=&#8221;1.2em&#8221; text_orientation=&#8221;center&#8221; module_alignment=&#8221;center&#8221; custom_margin=&#8221;||1px|||&#8221; custom_padding=&#8221;|||&#8221; header_2_font_size_tablet=&#8221;&#8221; header_2_font_size_phone=&#8221;36px&#8221; header_2_font_size_last_edited=&#8221;on|phone&#8221; locked=&#8221;off&#8221; global_colors_info=&#8221;{}&#8221;]<\/p>\n<h2>\u00dcber <span style=\"color: #00ccff;\">TRANSELAR<\/span><\/h2>\n<p>[\/et_pb_text][et_pb_divider color=&#8221;#E06100&#8243; divider_position=&#8221;center&#8221; divider_weight=&#8221;5px&#8221; _builder_version=&#8221;4.21.0&#8243; max_width=&#8221;50px&#8221; module_alignment=&#8221;center&#8221; locked=&#8221;off&#8221; global_colors_info=&#8221;{%22gcid-974b68b8-2e01-47b6-982a-535029bc202b%22:%91%22color%22%93}&#8221;][\/et_pb_divider][et_pb_text _builder_version=&#8221;4.27.4&#8243; text_font=&#8221;Nunito Sans||||||||&#8221; text_font_size=&#8221;15px&#8221; text_line_height=&#8221;1.8em&#8221; text_orientation=&#8221;justified&#8221; custom_padding=&#8221;|||&#8221; custom_padding_tablet=&#8221;|40px||40px||true&#8221; custom_padding_last_edited=&#8221;off|desktop&#8221; locked=&#8221;off&#8221; global_colors_info=&#8221;{}&#8221;]<\/p>\n<p class=\"translation-block\">TRANSELAR ist ein digitalisierter 3PL-Dienstleister f\u00fcr Lagerlogistik. Wir bieten umfassende Services wie kurz- und langfristige Lagerung von Waren, Verpackung, Transport, Umpacken sowie Fulfillment-Leistungen. Dar\u00fcber hinaus unterst\u00fctzen wir Sie mit kompetenter Logistikberatun<\/p>\n<p class=\"translation-block\">TRANSELAR das innovative Konzept MOOW eingef\u00fchrt - Manufacturing &amp; Other Operations in Warehouse, also Fertigungs- und sonstige Betriebsprozesse im Lager.<\/p>\n<p><strong>Internationale St\u00e4rke<\/strong><\/p>\n<p>Unsere indische Tochtergesellschaft unterst\u00fctzt die europ\u00e4ischen Standorte mit technischem und prozessbezogenem Know-how. Ziel ist es, die Kostenstruktur zu optimieren und Effizienzgewinne f\u00fcr unsere Kunden zu realisieren. Dar\u00fcber hinaus erm\u00f6glichen wir eine durchg\u00e4ngige End-to-End-Supply-Chain-L\u00f6sung \u2013 f\u00fcr maximale Transparenz, Kontrolle und Leistungsf\u00e4higkeit entlang der gesamten Lieferkette.<\/p>\n<p>[\/et_pb_text][et_pb_text _builder_version=&#8221;4.27.4&#8243; text_font=&#8221;||||||||&#8221; header_font=&#8221;||||||||&#8221; header_font_size=&#8221;27px&#8221; header_2_font=&#8221;Rubik|700|||||||&#8221; header_2_font_size=&#8221;36px&#8221; header_2_line_height=&#8221;1.2em&#8221; text_orientation=&#8221;center&#8221; module_alignment=&#8221;center&#8221; custom_margin=&#8221;||-1px|||&#8221; custom_padding=&#8221;|||&#8221; header_2_font_size_tablet=&#8221;&#8221; header_2_font_size_phone=&#8221;36px&#8221; header_2_font_size_last_edited=&#8221;on|phone&#8221; locked=&#8221;off&#8221; global_colors_info=&#8221;{}&#8221;]<\/p>\n<h2>Gesch\u00e4ftsverbindungen<\/h2>\n<p>[\/et_pb_text][et_pb_divider color=&#8221;#E06100&#8243; divider_position=&#8221;center&#8221; divider_weight=&#8221;5px&#8221; _builder_version=&#8221;4.21.0&#8243; max_width=&#8221;50px&#8221; module_alignment=&#8221;center&#8221; locked=&#8221;off&#8221; global_colors_info=&#8221;{%22gcid-974b68b8-2e01-47b6-982a-535029bc202b%22:%91%22color%22%93}&#8221;][\/et_pb_divider][et_pb_text _builder_version=&#8221;4.27.4&#8243; text_font=&#8221;Nunito Sans||||||||&#8221; text_font_size=&#8221;15px&#8221; text_line_height=&#8221;1.8em&#8221; text_orientation=&#8221;justified&#8221; custom_padding=&#8221;|||&#8221; custom_padding_tablet=&#8221;|40px||40px||true&#8221; custom_padding_last_edited=&#8221;off|desktop&#8221; global_colors_info=&#8221;{}&#8221;]<\/p>\n<p><span style=\"color: #00ccff;\">TRANSELAR<\/span> verfolgt das klare Ziel, durch herausragende Servicequalit\u00e4t zum bevorzugten Partner seiner Kunden zu werden. Wir bieten ganzheitliche Logistikl\u00f6sungen entlang der gesamten Lieferkette und greifen dabei auf ein starkes Partnernetzwerk in Europa und Indien zur\u00fcck. Unser Leistungsspektrum umfasst ma\u00dfgeschneiderte und effiziente Lagerl\u00f6sungen sowie vielf\u00e4ltige Value-Add Services.<\/p>\n<p>Unser Anspruch ist eine kontinuierliche Weiterentwicklung durch Prozessstandardisierung sowie die konsequente Nutzung neuer Technologien und digitaler L\u00f6sungen \u2013 mit dem Ziel, nachhaltige und transformative Mehrwerte f\u00fcr unsere Kunden entlang der gesamten Wertsch\u00f6pfungskette zu schaffen.<\/p>\n<p>[\/et_pb_text][\/et_pb_column][et_pb_column type=&#8221;1_2&#8243; _builder_version=&#8221;4.16&#8243; custom_padding=&#8221;|||&#8221; global_colors_info=&#8221;{}&#8221; custom_padding__hover=&#8221;|||&#8221;][et_pb_image src=&#8221;https:\/\/transelar.com\/wp-content\/uploads\/2025\/07\/IMG_8066.jpg&#8221; title_text=&#8221;IMG_8066&#8243; _builder_version=&#8221;4.27.4&#8243; _module_preset=&#8221;default&#8221; custom_margin_tablet=&#8221;&#8221; custom_margin_phone=&#8221;&#8221; custom_margin_last_edited=&#8221;on|desktop&#8221; custom_padding=&#8221;25px||25px||true|false&#8221; border_radii=&#8221;on|10px|10px|10px|10px&#8221; global_colors_info=&#8221;{}&#8221;][\/et_pb_image][\/et_pb_column][\/et_pb_row][\/et_pb_section][et_pb_section fb_built=&#8221;1&#8243; disabled_on=&#8221;off|off|on&#8221; admin_label=&#8221;About Us&#8221; _builder_version=&#8221;4.21.0&#8243; custom_padding=&#8221;0px|||||&#8221; global_colors_info=&#8221;{}&#8221;][et_pb_row column_structure=&#8221;1_2,1_2&#8243; _builder_version=&#8221;4.21.0&#8243; max_width=&#8221;100%&#8221; global_colors_info=&#8221;{}&#8221;][et_pb_column type=&#8221;1_2&#8243; _builder_version=&#8221;4.16&#8243; custom_padding=&#8221;|||&#8221; global_colors_info=&#8221;{}&#8221; custom_padding__hover=&#8221;|||&#8221;][et_pb_text _builder_version=&#8221;4.21.0&#8243; text_font=&#8221;||||||||&#8221; header_font=&#8221;||||||||&#8221; header_2_font=&#8221;Rubik|700|||||||&#8221; header_2_font_size=&#8221;42px&#8221; header_2_line_height=&#8221;1.2em&#8221; text_orientation=&#8221;center&#8221; module_alignment=&#8221;center&#8221; custom_margin=&#8221;||1px|||&#8221; custom_padding=&#8221;|||&#8221; header_2_font_size_tablet=&#8221;&#8221; header_2_font_size_phone=&#8221;36px&#8221; header_2_font_size_last_edited=&#8221;on|phone&#8221; locked=&#8221;off&#8221; global_colors_info=&#8221;{}&#8221;]<\/p>\n<h2>\u00dcber <span style=\"color: #00ccff;\">TRANSELAR<\/span><\/h2>\n<p>[\/et_pb_text][et_pb_divider color=&#8221;#E06100&#8243; divider_position=&#8221;center&#8221; divider_weight=&#8221;5px&#8221; _builder_version=&#8221;4.21.0&#8243; max_width=&#8221;50px&#8221; module_alignment=&#8221;center&#8221; locked=&#8221;off&#8221; global_colors_info=&#8221;{%22gcid-974b68b8-2e01-47b6-982a-535029bc202b%22:%91%22color%22%93}&#8221;][\/et_pb_divider][et_pb_text _builder_version=&#8221;4.27.4&#8243; text_font=&#8221;Nunito Sans||||||||&#8221; text_font_size=&#8221;15px&#8221; text_line_height=&#8221;1.8em&#8221; text_orientation=&#8221;justified&#8221; custom_padding=&#8221;|||&#8221; custom_padding_tablet=&#8221;|40px||40px||true&#8221; custom_padding_last_edited=&#8221;off|desktop&#8221; global_colors_info=&#8221;{}&#8221;]<\/p>\n<p><span style=\"color: #00ccff;\">TRANSELAR<\/span><span> is <\/span>ist ein digitalisierter 4PL-Dienstleister f\u00fcr Lagerlogistik. Wir bieten umfassende Services wie kurz- und langfristige Lagerung von Waren, Verpackung, Transport, Umpacken sowie Fulfillment-Leistungen. Dar\u00fcber hinaus unterst\u00fctzen wir Sie mit kompetenter Logistikberatung.<\/p>\n<p class=\"translation-block\">TRANSELAR das innovative Konzept MOOW eingef\u00fchrt - Manufacturing &amp; Other Operations in Warehouse, also Fertigungs- und sonstige Betriebsprozesse im Lager.<\/p>\n<p><strong>Internationale St\u00e4rke<\/strong><\/p>\n<p>Unsere indische Tochtergesellschaft unterst\u00fctzt die europ\u00e4ischen Standorte mit technischem und prozessbezogenem Know-how. Ziel ist es, die Kostenstruktur zu optimieren und Effizienzgewinne f\u00fcr unsere Kunden zu realisieren. Dar\u00fcber hinaus erm\u00f6glichen wir eine durchg\u00e4ngige End-to-End-Supply-Chain-L\u00f6sung \u2013 f\u00fcr maximale Transparenz, Kontrolle und Leistungsf\u00e4higkeit entlang der gesamten Lieferkette.<\/p>\n<p>[\/et_pb_text][et_pb_text _builder_version=&#8221;4.21.0&#8243; text_font=&#8221;||||||||&#8221; header_font=&#8221;||||||||&#8221; header_2_font=&#8221;Rubik|700|||||||&#8221; header_2_font_size=&#8221;42px&#8221; header_2_line_height=&#8221;1.2em&#8221; text_orientation=&#8221;center&#8221; module_alignment=&#8221;center&#8221; custom_margin=&#8221;||-1px|||&#8221; custom_padding=&#8221;|||&#8221; header_2_font_size_tablet=&#8221;&#8221; header_2_font_size_phone=&#8221;36px&#8221; header_2_font_size_last_edited=&#8221;on|phone&#8221; locked=&#8221;off&#8221; global_colors_info=&#8221;{}&#8221;]<\/p>\n<h2>Gesch\u00e4ftsverbindungen<\/h2>\n<p>[\/et_pb_text][et_pb_divider color=&#8221;#E06100&#8243; divider_position=&#8221;center&#8221; divider_weight=&#8221;5px&#8221; _builder_version=&#8221;4.21.0&#8243; max_width=&#8221;50px&#8221; module_alignment=&#8221;center&#8221; locked=&#8221;off&#8221; global_colors_info=&#8221;{%22gcid-974b68b8-2e01-47b6-982a-535029bc202b%22:%91%22color%22%93}&#8221;][\/et_pb_divider][et_pb_text _builder_version=&#8221;4.27.4&#8243; text_font=&#8221;Nunito Sans||||||||&#8221; text_font_size=&#8221;15px&#8221; text_line_height=&#8221;1.8em&#8221; text_orientation=&#8221;justified&#8221; custom_padding=&#8221;|||&#8221; custom_padding_tablet=&#8221;|40px||40px||true&#8221; custom_padding_last_edited=&#8221;off|desktop&#8221; global_colors_info=&#8221;{}&#8221;]<\/p>\n<p><span style=\"color: #00ccff;\">TRANSELAR<\/span> verfolgt das klare Ziel, durch herausragende Servicequalit\u00e4t zum bevorzugten Partner seiner Kunden zu werden. Wir bieten ganzheitliche Logistikl\u00f6sungen entlang der gesamten Lieferkette und greifen dabei auf ein starkes Partnernetzwerk in Europa und Indien zur\u00fcck. Unser Leistungsspektrum umfasst ma\u00dfgeschneiderte und effiziente Lagerl\u00f6sungen sowie vielf\u00e4ltige Value-Add Services.<\/p>\n<p>Unser Anspruch ist eine kontinuierliche Weiterentwicklung durch Prozessstandardisierung sowie die konsequente Nutzung neuer Technologien und digitaler L\u00f6sungen \u2013 mit dem Ziel, nachhaltige und transformative Mehrwerte f\u00fcr unsere Kunden entlang der gesamten Wertsch\u00f6pfungskette zu schaffen.<\/p>\n<p>[\/et_pb_text][\/et_pb_column][et_pb_column type=&#8221;1_2&#8243; _builder_version=&#8221;4.16&#8243; custom_padding=&#8221;|||&#8221; global_colors_info=&#8221;{}&#8221; custom_padding__hover=&#8221;|||&#8221;][et_pb_image src=&#8221;https:\/\/transelar.com\/wp-content\/uploads\/2025\/07\/DSC_5941-scaled.jpg&#8221; title_text=&#8221;DSC_5941&#8243; disabled_on=&#8221;off|off|on&#8221; _builder_version=&#8221;4.27.4&#8243; _module_preset=&#8221;default&#8221; custom_margin_tablet=&#8221;&#8221; custom_margin_phone=&#8221;&#8221; custom_margin_last_edited=&#8221;on|phone&#8221; custom_padding=&#8221;10px||10px||true|false&#8221; global_colors_info=&#8221;{}&#8221;][\/et_pb_image][\/et_pb_column][\/et_pb_row][\/et_pb_section]<\/p>","protected":false},"excerpt":{"rendered":"<p>About UsAbout TRANSELARTRANSELAR is 3PL Digitalised Warehouse logistics service provider. We offer services such as Short-term and Long-term storage of goods, packaging goods for transportation, palletization goods for transportation, freight consolidation, trade document preparation and logistics consulting. TRANSELAR has also introduced the innovative concept \u00a0MOOW\u2013\u00a0Manufacturing and\u00a0Other\u00a0Operations in\u00a0Warehouse. International Strength Our Indian subsidiary supports the European [&hellip;]<\/p>","protected":false},"author":1,"featured_media":0,"parent":0,"menu_order":0,"comment_status":"closed","ping_status":"closed","template":"","meta":{"_et_pb_use_builder":"on","_et_pb_old_content":"","_et_gb_content_width":"","footnotes":""},"class_list":["post-25709","page","type-page","status-publish","hentry"],"_links":{"self":[{"href":"https:\/\/transelar.com\/de\/wp-json\/wp\/v2\/pages\/25709","targetHints":{"allow":["GET"]}}],"collection":[{"href":"https:\/\/transelar.com\/de\/wp-json\/wp\/v2\/pages"}],"about":[{"href":"https:\/\/transelar.com\/de\/wp-json\/wp\/v2\/types\/page"}],"author":[{"embeddable":true,"href":"https:\/\/transelar.com\/de\/wp-json\/wp\/v2\/users\/1"}],"replies":[{"embeddable":true,"href":"https:\/\/transelar.com\/de\/wp-json\/wp\/v2\/comments?post=25709"}],"version-history":[{"count":0,"href":"https:\/\/transelar.com\/de\/wp-json\/wp\/v2\/pages\/25709\/revisions"}],"wp:attachment":[{"href":"https:\/\/transelar.com\/de\/wp-json\/wp\/v2\/media?parent=25709"}],"curies":[{"name":"wp","href":"https:\/\/api.w.org\/{rel}","templated":true}]}}